{"id":2,"date":"2022-05-11T22:41:11","date_gmt":"2022-05-11T22:41:11","guid":{"rendered":"http:\/\/mopiarh.hr\/?page_id=2"},"modified":"2023-08-05T15:04:30","modified_gmt":"2023-08-05T15:04:30","slug":"blog","status":"publish","type":"page","link":"https:\/\/mopiarh.hr\/index.php\/blog\/","title":{"rendered":"Blog"},"content":{"rendered":"\t\t<div data-elementor-type=\"wp-page\" data-elementor-id=\"2\" class=\"elementor elementor-2\">\n\t\t\t\t<div class=\"elementor-element elementor-element-1812c59 e-flex e-con-boxed e-con e-parent\" data-id=\"1812c59\" data-element_type=\"container\" data-e-type=\"container\">\n\t\t\t\t\t<div class=\"e-con-inner\">\n\t\t\t\t<div class=\"elementor-element elementor-element-d64e349 elementor-widget elementor-widget-mireya-blog-carousel\" data-id=\"d64e349\" data-element_type=\"widget\" data-e-type=\"widget\" data-widget_type=\"mireya-blog-carousel.default\">\n\t\t\t\t<div class=\"elementor-widget-container\">\n\t\t\t\t\t\n\t\t<div class=\"mry-about mry-about-blog mry-p-100-0\">\n\t\t\t<div class=\"container\">\n\t\t\t\t<div class=\"row justify-content-center\">\n\t\t\t\t\t\t\t\t\t\t<div class=\"col-lg-12\">\n\t\t\t\t\t\t<div class=\"mry-main-title mry-title-center mry-p-0-40\">\n\t\t\t\t\t\t\t\t\t\t\t\t\t\t<div class=\"mry-numbering mry-fo\">\n\t\t\t\t\t\t\t\t\t\t\t\t\t\t\t\t<div class=\"mry-border-text\">\n\t\t\t\t\t\t\t\t\t<span >\n\t\t\t\t\t\t          \t\t01\t\t\t\t\t\t         \t<\/span>\n\t\t\t\t\t\t\t\t<\/div>\n\t\t\t\t\t\t\t\t\t\t\t\t\t\t\t\t\t\t\t\t\t\t\t\t<div class=\"mry-subtitle\">\n\t\t\t\t\t\t\t\t\t<span >\n\t\t\t\t\t\t          \t\tBLOG\t\t\t\t\t\t         \t<\/span>\n\t\t\t\t\t\t\t\t<\/div>\n\t\t\t\t\t\t\t\t\t\t\t\t\t\t\t<\/div>\n\t\t\t\t\t\t\t\t\t\t\t\t\t\t\t\t\t\t\t\t\t<h2 class=\"mry-fo mry-title--h\">\n\t\t\t\t\t\t\t\t<span >\n\t\t\t\t\t          \t\tInspiracija u Arhitekturi: Otkrijte Najnovije Trendove i Ideje\t\t\t\t\t         \t<\/span>\n\t\t\t\t\t\t\t<\/h2>\n\t\t\t\t\t\t\t\n\t\t\t\t\t\t\t<div class=\"mry-arrows mry-fo\">\n\t\t\t\t\t\t\t\t<div class=\"mry-sl-nav\">\n\t\t\t\t\t\t\t\t\t<div class=\"mry-prev mry-button-blog-prev mry-magnetic-link\"><span class=\"mry-magnetic-object\"><i class=\"fas fa-arrow-left\"><\/i><\/span><\/div>\n\t\t\t\t\t\t\t\t\t<div class=\"mry-next mry-button-blog-next mry-magnetic-link\"><span class=\"mry-magnetic-object\"><i class=\"fas fa-arrow-right\"><\/i><\/span><\/div>\n\t\t\t\t\t\t\t\t<\/div>\n\t\t\t\t\t\t\t\t<div class=\"mry-label mry-fo\">Slider Navigation<\/div>\n\t\t\t\t\t\t\t<\/div>\n\t\t\t\t\t\t<\/div>\n\t\t\t\t\t<\/div>\n\t\t\t\t\t\t\t\t\t\t\t\t\t\t\t<div class=\"col-lg-12\">\n\t\t\t\t\t\t<div class=\"swiper-container mry-blog-slider\">\n\t\t\t\t\t\t\t<div class=\"swiper-wrapper\">\n\t\t\t\t\t\t\t\t\t\t\t\t\t\t\t\t\t\n\n<div class=\"swiper-slide\">\n\t<div class=\"mry-card-item mry-fade-object\" id=\"post-1161\">\n\t\t<div class=\"mry-card-cover-frame mry-mb-20 mry-fo\">\n\t\t\t<div class=\"mry-badge\">11 lipnja, 2025<\/div>\n\t\t\t\t\t\t<img decoding=\"async\" src=\"https:\/\/mopiarh.hr\/wp-content\/uploads\/2025\/06\/businesswoman-hands-using-a-calculator-to-check-co-2025-02-19-23-34-21-utc-950x633.jpg\" alt=\"Izvedbeni projekt \u2013 klju\u010d za preciznu i kvalitetnu gradnju\" class=\"mry-scale-object\">\n\t\t\t<div class=\"mry-cover-overlay\"><\/div>\n\t\t\t<div class=\"mry-hover-links\">\n\t\t\t\t<a href=\"https:\/\/mopiarh.hr\/index.php\/2025\/06\/11\/izvedbeni-projekt-kljuc-za-preciznu-i-kvalitetnu-gradnju\/\" class=\"mry-more mry-magnetic-link mry-anima-link\"><span class=\"mry-magnetic-object\"><i class=\"fas fa-arrow-right\"><\/i><\/span><\/a>\n\t\t\t<\/div>\n\t\t\t\t\t<\/div>\n\t\t<div class=\"mry-item-descr\">\n\t\t\t<h4 class=\"mry-mb-10 mry-fo\"><a href=\"https:\/\/mopiarh.hr\/index.php\/2025\/06\/11\/izvedbeni-projekt-kljuc-za-preciznu-i-kvalitetnu-gradnju\/\">Izvedbeni projekt \u2013 klju\u010d za preciznu i kvalitetnu gradnju<\/a><\/h4>\n\t\t\t\t\t\t<div class=\"mry-text mry-mb-10 mry-fo\">\n\t\t\t\t<p>Nakon \u0161to je isho\u0111ena gra\u0111evinska dozvola, sljede\u0107i korak prema realizaciji gra\u0111evinskog zahvata je izrada izvedbenog projekta. Rije\u010d je o detaljno razra\u0111enoj tehni\u010dkoj dokumentaciji koja omogu\u0107uje sigurno, u\u010dinkovito i precizno izvo\u0111enje radova na terenu, u skladu sa svim zakonskim i tehni\u010dkim propisima.<\/p>\n<p>Izvedbeni projekt osigurava jasno\u0107u me\u0111u svim sudionicima u gradnji \u2013 investitorima, izvo\u0111a\u010dima, nadzoru i dobavlja\u010dima \u2013 i minimizira mogu\u0107nost gre\u0161aka, nejasno\u0107a ili tro\u0161kovnih odstupanja tijekom gradnje.<\/p>\n\t\t\t<\/div>\n\t\t\t\t\t<\/div>\n\t<\/div>\n<\/div>\t\t\t\t\t\t\t\t\t\t\t\t\t\t\t\t\t\n\n<div class=\"swiper-slide\">\n\t<div class=\"mry-card-item mry-fade-object\" id=\"post-1154\">\n\t\t<div class=\"mry-card-cover-frame mry-mb-20 mry-fo\">\n\t\t\t<div class=\"mry-badge\">11 lipnja, 2025<\/div>\n\t\t\t\t\t\t<img decoding=\"async\" src=\"https:\/\/mopiarh.hr\/wp-content\/uploads\/2025\/06\/construction-concept-residential-building-drawing-2024-12-07-23-05-42-utc-950x523.jpg\" alt=\"Glavni projekt i tehni\u010dka dokumentacija \u2013 temelj za gra\u0111evinsku dozvolu i izvo\u0111enje radova\" class=\"mry-scale-object\">\n\t\t\t<div class=\"mry-cover-overlay\"><\/div>\n\t\t\t<div class=\"mry-hover-links\">\n\t\t\t\t<a href=\"https:\/\/mopiarh.hr\/index.php\/2025\/06\/11\/glavni-projekt-i-tehnicka-dokumentacija-temelj-za-gradevinsku-dozvolu-i-izvodenje-radova\/\" class=\"mry-more mry-magnetic-link mry-anima-link\"><span class=\"mry-magnetic-object\"><i class=\"fas fa-arrow-right\"><\/i><\/span><\/a>\n\t\t\t<\/div>\n\t\t\t\t\t<\/div>\n\t\t<div class=\"mry-item-descr\">\n\t\t\t<h4 class=\"mry-mb-10 mry-fo\"><a href=\"https:\/\/mopiarh.hr\/index.php\/2025\/06\/11\/glavni-projekt-i-tehnicka-dokumentacija-temelj-za-gradevinsku-dozvolu-i-izvodenje-radova\/\">Glavni projekt i tehni\u010dka dokumentacija \u2013 temelj za gra\u0111evinsku dozvolu i izvo\u0111enje radova<\/a><\/h4>\n\t\t\t\t\t\t<div class=\"mry-text mry-mb-10 mry-fo\">\n\t\t\t\t<p>Svaka legalna i kvalitetna gradnja zapo\u010dinje izradom glavnog projekta \u2013 klju\u010dnog dokumenta za isho\u0111enje gra\u0111evinske dozvole i izvo\u0111enje radova. Rije\u010d je o cjelovitoj tehni\u010dkoj dokumentaciji koja uskla\u0111uje sve struke, zadovoljava zakonske zahtjeve i omogu\u0107uje sigurno, u\u010dinkovito i zakonito gra\u0111enje.<\/p>\n<p>Bez obzira radi li se o novogradnji, rekonstrukciji ili energetskoj obnovi, glavni projekt je obvezna osnova za realizaciju va\u0161eg zahvata u prostoru.<\/p>\n\t\t\t<\/div>\n\t\t\t\t\t<\/div>\n\t<\/div>\n<\/div>\t\t\t\t\t\t\t\t\t\t\t\t\t\t\t\t\t\n\n<div class=\"swiper-slide\">\n\t<div class=\"mry-card-item mry-fade-object\" id=\"post-1147\">\n\t\t<div class=\"mry-card-cover-frame mry-mb-20 mry-fo\">\n\t\t\t<div class=\"mry-badge\">11 lipnja, 2025<\/div>\n\t\t\t\t\t\t<img decoding=\"async\" src=\"https:\/\/mopiarh.hr\/wp-content\/uploads\/2025\/06\/architect-or-engineers-are-meeting-to-discuss-home-2025-03-07-14-02-31-utc-950x633.jpg\" alt=\"Idejni projekt \u2013 prvi korak prema realizaciji va\u0161eg gra\u0111evinskog zahvata\" class=\"mry-scale-object\">\n\t\t\t<div class=\"mry-cover-overlay\"><\/div>\n\t\t\t<div class=\"mry-hover-links\">\n\t\t\t\t<a href=\"https:\/\/mopiarh.hr\/index.php\/2025\/06\/11\/idejni-projekt-prvi-korak-prema-realizaciji-vaseg-gradevinskog-zahvata\/\" class=\"mry-more mry-magnetic-link mry-anima-link\"><span class=\"mry-magnetic-object\"><i class=\"fas fa-arrow-right\"><\/i><\/span><\/a>\n\t\t\t<\/div>\n\t\t\t\t\t<\/div>\n\t\t<div class=\"mry-item-descr\">\n\t\t\t<h4 class=\"mry-mb-10 mry-fo\"><a href=\"https:\/\/mopiarh.hr\/index.php\/2025\/06\/11\/idejni-projekt-prvi-korak-prema-realizaciji-vaseg-gradevinskog-zahvata\/\">Idejni projekt \u2013 prvi korak prema realizaciji va\u0161eg gra\u0111evinskog zahvata<\/a><\/h4>\n\t\t\t\t\t\t<div class=\"mry-text mry-mb-10 mry-fo\">\n\t\t\t\t<p>Svaka kvalitetna gradnja zapo\u010dinje jasnom vizijom. U arhitekturi i prostornom planiranju ta vizija se oblikuje kroz idejni projekt \u2013 po\u010detnu fazu projektiranja kojom se definiraju osnovne prostorne, funkcionalne i oblikovne zna\u010dajke planiranog objekta ili zahvata.<\/p>\n<p>Idejni projekt je temelj za isho\u0111enje lokacijskih uvjeta, pribavljanje posebnih uvjeta gra\u0111enja ili nastavak projektiranja kroz glavni projekt. Tako\u0111er je koristan alat za prezentaciju investitorima, konzultacije s projektantima drugih struka ili sudjelovanje u arhitektonskim natje\u010dajima.<\/p>\n\t\t\t<\/div>\n\t\t\t\t\t<\/div>\n\t<\/div>\n<\/div>\t\t\t\t\t\t\t\t\t\t\t\t\t\t\t\t\t\n\n<div class=\"swiper-slide\">\n\t<div class=\"mry-card-item mry-fade-object\" id=\"post-1141\">\n\t\t<div class=\"mry-card-cover-frame mry-mb-20 mry-fo\">\n\t\t\t<div class=\"mry-badge\">11 lipnja, 2025<\/div>\n\t\t\t\t\t\t<img decoding=\"async\" src=\"https:\/\/mopiarh.hr\/wp-content\/uploads\/2025\/06\/close-up-of-woman-analyst-working-with-financial-s-2025-03-13-08-15-48-utc-950x633.jpg\" alt=\"Analiza uskla\u0111enosti projekta s prostornim planom \u2013 prvi korak u sigurnu gradnju\" class=\"mry-scale-object\">\n\t\t\t<div class=\"mry-cover-overlay\"><\/div>\n\t\t\t<div class=\"mry-hover-links\">\n\t\t\t\t<a href=\"https:\/\/mopiarh.hr\/index.php\/2025\/06\/11\/analiza-uskladenosti-projekta-s-prostornim-planom-prvi-korak-u-sigurnu-gradnju\/\" class=\"mry-more mry-magnetic-link mry-anima-link\"><span class=\"mry-magnetic-object\"><i class=\"fas fa-arrow-right\"><\/i><\/span><\/a>\n\t\t\t<\/div>\n\t\t\t\t\t<\/div>\n\t\t<div class=\"mry-item-descr\">\n\t\t\t<h4 class=\"mry-mb-10 mry-fo\"><a href=\"https:\/\/mopiarh.hr\/index.php\/2025\/06\/11\/analiza-uskladenosti-projekta-s-prostornim-planom-prvi-korak-u-sigurnu-gradnju\/\">Analiza uskla\u0111enosti projekta s prostornim planom \u2013 prvi korak u sigurnu gradnju<\/a><\/h4>\n\t\t\t\t\t\t<div class=\"mry-text mry-mb-10 mry-fo\">\n\t\t\t\t<p>Svaki gra\u0111evinski zahvat, bilo da se radi o obiteljskoj ku\u0107i, poslovnom objektu ili ve\u0107em infrastrukturnom projektu, mora biti uskla\u0111en s va\u017ee\u0107im prostorno-planskim dokumentima. Zato je analiza uskla\u0111enosti s prostornim planom jedan od klju\u010dnih koraka prije izrade projektne dokumentacije ili kupnje zemlji\u0161ta.<\/p>\n<p>Ova analiza pru\u017ea stru\u010dan uvid u mogu\u0107nosti gradnje na konkretnoj lokaciji, utvr\u0111uje uvjete koje treba zadovoljiti te ukazuje na eventualna ograni\u010denja koja bi mogla utjecati na daljnji razvoj projekta.<\/p>\n\t\t\t<\/div>\n\t\t\t\t\t<\/div>\n\t<\/div>\n<\/div>\t\t\t\t\t\t\t\t\t\t\t\t\t\t\t\t\t\n\n<div class=\"swiper-slide\">\n\t<div class=\"mry-card-item mry-fade-object\" id=\"post-1137\">\n\t\t<div class=\"mry-card-cover-frame mry-mb-20 mry-fo\">\n\t\t\t<div class=\"mry-badge\">11 lipnja, 2025<\/div>\n\t\t\t\t\t\t<img decoding=\"async\" src=\"https:\/\/mopiarh.hr\/wp-content\/uploads\/2025\/06\/designers-choosing-color-scheme-2025-01-29-12-45-25-utc-950x633.jpg\" alt=\"Dizajn interijera \u2013 prostor u kojem estetika susre\u0107e funkcionalnost\" class=\"mry-scale-object\">\n\t\t\t<div class=\"mry-cover-overlay\"><\/div>\n\t\t\t<div class=\"mry-hover-links\">\n\t\t\t\t<a href=\"https:\/\/mopiarh.hr\/index.php\/2025\/06\/11\/dizajn-interijera-prostor-u-kojem-estetika-susrece-funkcionalnost\/\" class=\"mry-more mry-magnetic-link mry-anima-link\"><span class=\"mry-magnetic-object\"><i class=\"fas fa-arrow-right\"><\/i><\/span><\/a>\n\t\t\t<\/div>\n\t\t\t\t\t<\/div>\n\t\t<div class=\"mry-item-descr\">\n\t\t\t<h4 class=\"mry-mb-10 mry-fo\"><a href=\"https:\/\/mopiarh.hr\/index.php\/2025\/06\/11\/dizajn-interijera-prostor-u-kojem-estetika-susrece-funkcionalnost\/\">Dizajn interijera \u2013 prostor u kojem estetika susre\u0107e funkcionalnost<\/a><\/h4>\n\t\t\t\t\t\t<div class=\"mry-text mry-mb-10 mry-fo\">\n\t\t\t\t<p>Dizajn interijera nije samo odabir boja i namje\u0161taja \u2013 to je cjelovit proces oblikovanja prostora koji zadovoljava estetske, funkcionalne i tehni\u010dke zahtjeve korisnika. Svaki interijer koji dizajniramo temelji se na pa\u017eljivoj analizi prostora, individualnim potrebama klijenta i suvremenim dizajnerskim smjernicama.<\/p>\n<p>Na\u0161 cilj je stvoriti prostor koji je ergonomski u\u010dinkovit, vizualno privla\u010dan i u potpunosti prilago\u0111en korisniku \u2013 bez obzira radi li se o stambenom, poslovnom ili ugostiteljskom objektu.<\/p>\n\t\t\t<\/div>\n\t\t\t\t\t<\/div>\n\t<\/div>\n<\/div>\t\t\t\t\t\t\t\t\t\t\t\t\t\t\t\t\t\n\n<div class=\"swiper-slide\">\n\t<div class=\"mry-card-item mry-fade-object\" id=\"post-1128\">\n\t\t<div class=\"mry-card-cover-frame mry-mb-20 mry-fo\">\n\t\t\t<div class=\"mry-badge\">11 lipnja, 2025<\/div>\n\t\t\t\t\t\t<img decoding=\"async\" src=\"https:\/\/mopiarh.hr\/wp-content\/uploads\/2025\/06\/man-presenting-the-project-of-new-building-2025-02-11-15-30-11-utc-950x634.jpg\" alt=\"Arhitektonska vizualizacija \u2013 pogled u budu\u0107nost va\u0161eg prostora\" class=\"mry-scale-object\">\n\t\t\t<div class=\"mry-cover-overlay\"><\/div>\n\t\t\t<div class=\"mry-hover-links\">\n\t\t\t\t<a href=\"https:\/\/mopiarh.hr\/index.php\/2025\/06\/11\/arhitektonska-vizualizacija-pogled-u-buducnost-vaseg-prostora\/\" class=\"mry-more mry-magnetic-link mry-anima-link\"><span class=\"mry-magnetic-object\"><i class=\"fas fa-arrow-right\"><\/i><\/span><\/a>\n\t\t\t<\/div>\n\t\t\t\t\t<\/div>\n\t\t<div class=\"mry-item-descr\">\n\t\t\t<h4 class=\"mry-mb-10 mry-fo\"><a href=\"https:\/\/mopiarh.hr\/index.php\/2025\/06\/11\/arhitektonska-vizualizacija-pogled-u-buducnost-vaseg-prostora\/\">Arhitektonska vizualizacija \u2013 pogled u budu\u0107nost va\u0161eg prostora<\/a><\/h4>\n\t\t\t\t\t\t<div class=\"mry-text mry-mb-10 mry-fo\">\n\t\t\t\t<p>Zamisliti kako \u0107e izgledati budu\u0107i objekt \u010desto nije jednostavno \u2013 ni za investitora, ni za \u0161iru javnost. Zato je arhitektonska vizualizacija postala neizostavan alat u suvremenom projektiranju. Ona omogu\u0107uje realisti\u010dan ili konceptualan 3D prikaz planiranog prostora ili objekta, \u010dime se idejna i izvedbena rje\u0161enja \u010dine lako razumljivima i vizualno dostupnima.<\/p>\n\t\t\t<\/div>\n\t\t\t\t\t<\/div>\n\t<\/div>\n<\/div>\t\t\t\t\t\t\t\t\t\t\t\t\t\t\t<\/div>\n\t\t\t\t\t\t<\/div>\n\t\t\t\t\t<\/div>\n\t\t\t\t\t\t\t\t\t<\/div>\n\t\t\t<\/div>\n\t\t<\/div>\n\n\t\t\t\t\t\t<\/div>\n\t\t\t\t<\/div>\n\t\t\t\t\t<\/div>\n\t\t\t\t<\/div>\n\t\t\t\t<\/div>\n\t\t","protected":false},"excerpt":{"rendered":"<p>01 BLOG Inspiracija u Arhitekturi: Otkrijte Najnovije Trendove i Ideje Slider Navigation May 11, 2022 Hello world! Welcome to WordPress&#8230;. <span class=\"mry-el-more mry-fo\"><a href=\"https:\/\/mopiarh.hr\/index.php\/2025\/06\/11\/arhitektonska-vizualizacija-pogled-u-buducnost-vaseg-prostora\/\" class=\"mry-link mry-default-link\">Saznajte vi\u0161e <\/a><\/span><\/p>\n","protected":false},"author":1,"featured_media":0,"parent":0,"menu_order":0,"comment_status":"closed","ping_status":"closed","template":"template-layout-builder.php","meta":{"om_disable_all_campaigns":false,"_monsterinsights_skip_tracking":false,"_monsterinsights_sitenote_active":false,"_monsterinsights_sitenote_note":"","_monsterinsights_sitenote_category":0,"_uf_show_specific_survey":0,"_uf_disable_surveys":false,"footnotes":""},"class_list":["post-2","page","type-page","status-publish","hentry"],"acf":[],"aioseo_notices":[],"_links":{"self":[{"href":"https:\/\/mopiarh.hr\/index.php\/wp-json\/wp\/v2\/pages\/2","targetHints":{"allow":["GET"]}}],"collection":[{"href":"https:\/\/mopiarh.hr\/index.php\/wp-json\/wp\/v2\/pages"}],"about":[{"href":"https:\/\/mopiarh.hr\/index.php\/wp-json\/wp\/v2\/types\/page"}],"author":[{"embeddable":true,"href":"https:\/\/mopiarh.hr\/index.php\/wp-json\/wp\/v2\/users\/1"}],"replies":[{"embeddable":true,"href":"https:\/\/mopiarh.hr\/index.php\/wp-json\/wp\/v2\/comments?post=2"}],"version-history":[{"count":21,"href":"https:\/\/mopiarh.hr\/index.php\/wp-json\/wp\/v2\/pages\/2\/revisions"}],"predecessor-version":[{"id":899,"href":"https:\/\/mopiarh.hr\/index.php\/wp-json\/wp\/v2\/pages\/2\/revisions\/899"}],"wp:attachment":[{"href":"https:\/\/mopiarh.hr\/index.php\/wp-json\/wp\/v2\/media?parent=2"}],"curies":[{"name":"wp","href":"https:\/\/api.w.org\/{rel}","templated":true}]}}