{"id":3,"date":"2022-05-11T22:41:11","date_gmt":"2022-05-11T22:41:11","guid":{"rendered":"http:\/\/mopiarh.hr\/?page_id=3"},"modified":"2023-08-05T13:29:11","modified_gmt":"2023-08-05T13:29:11","slug":"politika-privatnosti","status":"publish","type":"page","link":"https:\/\/mopiarh.hr\/index.php\/politika-privatnosti\/","title":{"rendered":"Politika privatnosti"},"content":{"rendered":"\t\t<div data-elementor-type=\"wp-page\" data-elementor-id=\"3\" class=\"elementor elementor-3\">\n\t\t\t\t\t\t<section class=\"elementor-section elementor-top-section elementor-element elementor-element-14566dbb elementor-section-boxed elementor-section-height-default elementor-section-height-default\" data-id=\"14566dbb\" data-element_type=\"section\" data-e-type=\"section\">\n\t\t\t\t\t\t<div class=\"elementor-container elementor-column-gap-default\">\n\t\t\t\t\t<div class=\"elementor-column elementor-col-100 elementor-top-column elementor-element elementor-element-3786048e\" data-id=\"3786048e\" data-element_type=\"column\" data-e-type=\"column\">\n\t\t\t<div class=\"elementor-widget-wrap elementor-element-populated\">\n\t\t\t\t\t\t<div class=\"elementor-element elementor-element-33366c2d elementor-widget elementor-widget-text-editor\" data-id=\"33366c2d\" data-element_type=\"widget\" data-e-type=\"widget\" data-widget_type=\"text-editor.default\">\n\t\t\t\t<div class=\"elementor-widget-container\">\n\t\t\t\t\t\t\t\t\t\n<h2 class=\"wp-block-heading\">Tko smo mi<\/h2>\n\n<p>Hvala vam \u0161to posje\u0107ujete web stranicu Mopiarh Arhitektonskog Studija. Va\u017eno nam je za\u0161titi va\u0161u privatnost i osigurati da va\u0161i osobni podaci budu sigurni. Ova politika privatnosti obja\u0161njava koje vrste podataka prikupljamo od posjetitelja na\u0161e web stranice, kako te podatke koristimo i \u0161titimo.<\/p>\n<p>Na\u0161a web stranica je: https:\/\/mopiarh.hr.<\/p>\n\n<h2 class=\"wp-block-heading\">Prikupljanje podataka<\/h2>\n\n<p>Kako biste koristili neke dijelove na\u0161e web stranice ili stupili u kontakt s nama, mo\u017eda \u0107emo zatra\u017eiti va\u0161e osobne podatke, kao \u0161to su ime, e-mail adresa, broj telefona i druge relevantne informacije. Ovi podaci prikupljaju se samo uz va\u0161u suglasnost i koriste se isklju\u010divo u svrhu pru\u017eanja informacija o na\u0161im uslugama i pru\u017eanja odgovora na va\u0161e upite.<\/p>\n\n<h2 class=\"wp-block-heading\">Kola\u010di\u0107i (Cookies):<\/h2>\n\n<p>Na\u0161a web stranica mo\u017ee koristiti kola\u010di\u0107e kako bismo pobolj\u0161ali va\u0161e korisni\u010dko iskustvo. Kola\u010di\u0107i su male tekstualne datoteke koje se pohranjuju na va\u0161em ure\u0111aju kako bismo analizirali statistiku posjeta web stranici, prilagodili sadr\u017eaj i omogu\u0107ili odre\u0111ene funkcije. Mo\u017eete odabrati ho\u0107ete li prihvatiti ili odbiti kola\u010di\u0107e putem postavki svog preglednika.<\/p>\n\n<h2 class=\"wp-block-heading\">Sigurnost:<\/h2>\n\n<p>Va\u0161i osobni podaci bit \u0107e \u010duvani na siguran na\u010din. Poduzimamo razumne mjere kako bismo sprije\u010dili neovla\u0161ten pristup, gubitak ili otkrivanje va\u0161ih podataka.<\/p>\n\n<h2 class=\"wp-block-heading\">Vanjske poveznice:<\/h2>\n\n<p>Na\u0161a web stranica mo\u017ee sadr\u017eavati poveznice na druge web stranice koje nisu pod na\u0161om kontrolom. Preporu\u010dujemo vam da pregledate politike privatnosti tih web stranica jer ne mo\u017eemo biti odgovorni za na\u010din na koji one prikupljaju i koriste va\u0161e podatke.<\/p>\n\n<h2 class=\"wp-block-heading\">Pristup i a\u017euriranje va\u0161ih podataka:<\/h2>\n\n<p>Ako \u017eelite pristupiti va\u0161im osobnim podacima ili ih a\u017eurirati, slobodno nas kontaktirajte putem e-maila ili obrasca za kontakt na web stranici.<\/p>\n\n<h2 class=\"wp-block-heading\">Promjene politike privatnosti:<\/h2>\n\n<p>Ova politika privatnosti mo\u017ee biti povremeno a\u017eurirana kako bismo odra\u017eavali promjene u zakonodavstvu i praksama privatnosti. Molimo vas da redovito provjeravate ovu stranicu kako biste bili upoznati s eventualnim promjenama.<\/p>\n\n<h2 class=\"wp-block-heading\">Va\u0161a privatnost je va\u017ena<\/h2>\n\n<p>Va\u0161a privatnost je va\u017ena i posve\u0107eni smo za\u0161titi va\u0161ih osobnih podataka. Ako imate bilo kakvih pitanja ili zabrinutosti u vezi s na\u0161om politikom privatnosti, slobodno nas kontaktirajte putem e-maila ili obrasca za kontakt.<\/p>\n\n<h2 class=\"wp-block-heading\">\u00a0<\/h2>\n\n<h6>Ova politika privatnosti stupila je na snagu [22.02.2022].<\/h6>\n\t\t\t\t\t\t\t\t<\/div>\n\t\t\t\t<\/div>\n\t\t\t\t\t<\/div>\n\t\t<\/div>\n\t\t\t\t\t<\/div>\n\t\t<\/section>\n\t\t\t\t<\/div>\n\t\t","protected":false},"excerpt":{"rendered":"<p>Tko smo mi Hvala vam \u0161to posje\u0107ujete web stranicu Mopiarh Arhitektonskog Studija. Va\u017eno nam je za\u0161titi va\u0161u privatnost i osigurati&#8230; <span class=\"mry-el-more mry-fo\"><a href=\"https:\/\/mopiarh.hr\/index.php\/politika-privatnosti\/\" class=\"mry-link mry-default-link\">Saznajte vi\u0161e <\/a><\/span><\/p>\n","protected":false},"author":1,"featured_media":0,"parent":0,"menu_order":0,"comment_status":"closed","ping_status":"closed","template":"","meta":{"om_disable_all_campaigns":false,"_monsterinsights_skip_tracking":false,"_monsterinsights_sitenote_active":false,"_monsterinsights_sitenote_note":"","_monsterinsights_sitenote_category":0,"_uf_show_specific_survey":0,"_uf_disable_surveys":false,"footnotes":""},"class_list":["post-3","page","type-page","status-publish","hentry"],"acf":[],"aioseo_notices":[],"_links":{"self":[{"href":"https:\/\/mopiarh.hr\/index.php\/wp-json\/wp\/v2\/pages\/3","targetHints":{"allow":["GET"]}}],"collection":[{"href":"https:\/\/mopiarh.hr\/index.php\/wp-json\/wp\/v2\/pages"}],"about":[{"href":"https:\/\/mopiarh.hr\/index.php\/wp-json\/wp\/v2\/types\/page"}],"author":[{"embeddable":true,"href":"https:\/\/mopiarh.hr\/index.php\/wp-json\/wp\/v2\/users\/1"}],"replies":[{"embeddable":true,"href":"https:\/\/mopiarh.hr\/index.php\/wp-json\/wp\/v2\/comments?post=3"}],"version-history":[{"count":5,"href":"https:\/\/mopiarh.hr\/index.php\/wp-json\/wp\/v2\/pages\/3\/revisions"}],"predecessor-version":[{"id":873,"href":"https:\/\/mopiarh.hr\/index.php\/wp-json\/wp\/v2\/pages\/3\/revisions\/873"}],"wp:attachment":[{"href":"https:\/\/mopiarh.hr\/index.php\/wp-json\/wp\/v2\/media?parent=3"}],"curies":[{"name":"wp","href":"https:\/\/api.w.org\/{rel}","templated":true}]}}