{"id":927,"date":"2025-02-15T22:42:26","date_gmt":"2025-02-15T22:42:26","guid":{"rendered":"https:\/\/mopiarh.hr\/?page_id=927"},"modified":"2025-02-15T22:50:28","modified_gmt":"2025-02-15T22:50:28","slug":"uvjeti-koristenja","status":"publish","type":"page","link":"https:\/\/mopiarh.hr\/index.php\/uvjeti-koristenja\/","title":{"rendered":"Uvjeti kori\u0161tenja"},"content":{"rendered":"\t\t<div data-elementor-type=\"wp-page\" data-elementor-id=\"927\" class=\"elementor elementor-927\">\n\t\t\t\t\t\t<section class=\"elementor-section elementor-top-section elementor-element elementor-element-14566dbb elementor-section-boxed elementor-section-height-default elementor-section-height-default\" data-id=\"14566dbb\" data-element_type=\"section\" data-e-type=\"section\">\n\t\t\t\t\t\t<div class=\"elementor-container elementor-column-gap-default\">\n\t\t\t\t\t<div class=\"elementor-column elementor-col-100 elementor-top-column elementor-element elementor-element-3786048e\" data-id=\"3786048e\" data-element_type=\"column\" data-e-type=\"column\">\n\t\t\t<div class=\"elementor-widget-wrap elementor-element-populated\">\n\t\t\t\t\t\t<div class=\"elementor-element elementor-element-33366c2d elementor-widget elementor-widget-text-editor\" data-id=\"33366c2d\" data-element_type=\"widget\" data-e-type=\"widget\" data-widget_type=\"text-editor.default\">\n\t\t\t\t<div class=\"elementor-widget-container\">\n\t\t\t\t\t\t\t\t\t\n<p>Na pristup i kori\u0161tenje internet stranice od Furrier Group d.o.o. (dalje u tekstu: Mopiarh), Kapelska ulica 71 u Osijeku\u00a0 primjenjuju se ovi Uvjeti kori\u0161tenja te svi va\u017ee\u0107i zakoni i drugi pravni propisi.<\/p>\n<p>Pristupom ovoj stranici smatra se da ste ove Uvjete kori\u0161tenja pro\u010ditali, razumjeli te da ih u cijelosti prihva\u0107ate. Ukoliko ne pristajete na primjenu Uvjeta kori\u0161tenja, molimo Vas da se suzdr\u017eite od pristupa Internet stranicima. Sve informacije dostupne na Internet stranicama isklju\u010divo su informativnog karaktera te se mogu koristiti samo u osobne svrhe. Zabranjeno je kori\u0161tenje i\/ili prikazivanje ovih Internet stranica odnosno njihovog sadr\u017eaja, u cijelosti ili djelomi\u010dno, u bilo kakve javne odnosno komercijalne svrhe bez prethodnog izri\u010ditog pisanog odobrenja Mopiarha.<\/p>\n<p>Internet stranice i njihov cjelokupni sadr\u017eaj, uklju\u010duju\u0107i bez ograni\u010denja tekstove, fotografije, crte\u017ee, audio i video materijale, \u017eigove, dizajn, znakove, za\u0161ti\u0107eni su autorskim pravom i drugim pravima intelektualnog vlasni\u0161tva te su u isklju\u010divom vlasni\u0161tvu Mopiarha. Kori\u0161tenje i ispisivanje tih sadr\u017eaja dopu\u0161teno je isklju\u010divo u svrhu informiranja i osobne, nekomercijalne svrhe. Nije dopu\u0161teno reproduciranje, kopiranje, distribuiranje, preinaka, preno\u0161enje, objavljivanje ili revidiranje sadr\u017eaja ovih stranica bez pisanog dopu\u0161tenja dru\u0161tva. Kori\u0161tenjem ili pristupom ovoj stranici ne stje\u010dete, izri\u010dito ili pre\u0161utno, nikakvu licencu ili pravo kori\u0161tenja stranice odnosno bilo kojeg njenog sadr\u017eaja ili dijela sadr\u017eaja odnosno bilo kojeg drugog prava koje pripada dru\u0161tvu i\/ili tre\u0107oj osobi.<\/p>\n<p>Mopiarh ne izjavljuje niti jam\u010di, izri\u010dito niti pre\u0161utno, da je sadr\u017eaj internetske stranice i\/ili povezanih stranica potpun ili a\u017euriran, da \u0107e internetska stranica i\/ili povezane stranice uvijek biti dostupne i raspolo\u017eive te da ne\u0107e sadr\u017eavati pogre\u0161ke, viruse, crve i druge ra\u010dunalne programe koji bi mogli prouzro\u010diti \u0161tetu korisnicima. Svaki korisnik izri\u010dito prihva\u0107a kori\u0161tenje ove internetske stranice na svoju vlastitu odgovornost te sam snosi sve eventualne tro\u0161kove vezane uz odr\u017eavanje ili popravak ra\u010dunalne opreme.<\/p>\n<p>Mopiarh ni u kom slu\u010daju nije odgovoran za bilo kakvu \u0161tetu nastalu upotrebom Internet stranica, uklju\u010duju\u0107i, bez ograni\u010denja, gubitak dobiti, prekid u radu, gubitak programa ili drugih podataka na va\u0161im sistemima za obradu podataka ili sli\u010dno, \u010dak i kad smo izrijekom obavije\u0161teni o takvim \u0161tetama. Bilo kakvo jamstvo dano na ovim stranicama odnosi se isklju\u010divo na proizvode ili usluge koje pru\u017ea dru\u0161tvo. Svi materijali i\/ili informacije i\/ili ideje i\/ili koncepti koje po\u0161aljete Mopiarhu ili u\u010dinite dostupnim putem Internet stranice nisu i ne\u0107e se smatrati poslovnom tajnom ili povjerljivim materijalima. Slanjem materijala putem Internet stranice dajete Mopiarhu neograni\u010denu licencu za kori\u0161tenje istih uklju\u010duju\u0107i umno\u017eavanje, prijenos, objavljivanje, izvo\u0111enje, izmjenu ili uporabu na bilo koji drugi na\u010din, bez obveze pla\u0107anja bilo kakve naknade. Na Internet stranicu te Uvjete kori\u0161tenja primjenjuje se se pravo Republike Hrvatske. Pristupom i kori\u0161tenjem Internet stranice suglasni ste da su u slu\u010daju spora nadle\u017eni hrvatski sudovi.<\/p>\n<p>Mopiarh pridr\u017eava pravo revidirati Uvjete kori\u0161tenja u bilo kojem trenutku, kao i ukinuti pristup Internet stranici bez prethodne obavijesti. Molimo vas da Uvjete kori\u0161tenja povremeno ponovno pro\u010ditate kako biste se upoznali s eventualnim promjenama, jer svako kori\u0161tenje stranica nakon izmjena Uvjeta kori\u0161tenja podrazumijeva da ste s izmjenama upoznati te da ih razumijete i u cijelosti prihva\u0107ate.<\/p>\n\t\t\t\t\t\t\t\t<\/div>\n\t\t\t\t<\/div>\n\t\t\t\t\t<\/div>\n\t\t<\/div>\n\t\t\t\t\t<\/div>\n\t\t<\/section>\n\t\t\t\t<\/div>\n\t\t","protected":false},"excerpt":{"rendered":"<p>Na pristup i kori\u0161tenje internet stranice od Furrier Group d.o.o. (dalje u tekstu: Mopiarh), Kapelska ulica 71 u Osijeku\u00a0 primjenjuju&#8230; <span class=\"mry-el-more mry-fo\"><a href=\"https:\/\/mopiarh.hr\/index.php\/uvjeti-koristenja\/\" class=\"mry-link mry-default-link\">Saznajte vi\u0161e <\/a><\/span><\/p>\n","protected":false},"author":1,"featured_media":0,"parent":0,"menu_order":0,"comment_status":"closed","ping_status":"closed","template":"","meta":{"om_disable_all_campaigns":false,"_monsterinsights_skip_tracking":false,"_monsterinsights_sitenote_active":false,"_monsterinsights_sitenote_note":"","_monsterinsights_sitenote_category":0,"_uf_show_specific_survey":0,"_uf_disable_surveys":false,"footnotes":""},"class_list":["post-927","page","type-page","status-publish","hentry"],"acf":[],"aioseo_notices":[],"_links":{"self":[{"href":"https:\/\/mopiarh.hr\/index.php\/wp-json\/wp\/v2\/pages\/927","targetHints":{"allow":["GET"]}}],"collection":[{"href":"https:\/\/mopiarh.hr\/index.php\/wp-json\/wp\/v2\/pages"}],"about":[{"href":"https:\/\/mopiarh.hr\/index.php\/wp-json\/wp\/v2\/types\/page"}],"author":[{"embeddable":true,"href":"https:\/\/mopiarh.hr\/index.php\/wp-json\/wp\/v2\/users\/1"}],"replies":[{"embeddable":true,"href":"https:\/\/mopiarh.hr\/index.php\/wp-json\/wp\/v2\/comments?post=927"}],"version-history":[{"count":4,"href":"https:\/\/mopiarh.hr\/index.php\/wp-json\/wp\/v2\/pages\/927\/revisions"}],"predecessor-version":[{"id":932,"href":"https:\/\/mopiarh.hr\/index.php\/wp-json\/wp\/v2\/pages\/927\/revisions\/932"}],"wp:attachment":[{"href":"https:\/\/mopiarh.hr\/index.php\/wp-json\/wp\/v2\/media?parent=927"}],"curies":[{"name":"wp","href":"https:\/\/api.w.org\/{rel}","templated":true}]}}